{"id":357,"date":"2025-11-28T13:57:27","date_gmt":"2025-11-28T13:57:27","guid":{"rendered":"https:\/\/mightyprotein.com\/fr\/?page_id=357"},"modified":"2025-12-01T17:12:04","modified_gmt":"2025-12-01T17:12:04","slug":"faq","status":"publish","type":"page","link":"https:\/\/mightyprotein.com\/fr\/faq\/","title":{"rendered":"FAQ"},"content":{"rendered":"\t<style type=\"text\/css\">\n\t\t.wp-block-tk-spacer.id-05828882-1e57-47be-a82a-2144fce22361 {\n\t\theight: 92px;\n\t}\n\n\t@media ( max-width: 480px ) {\n\t\t.wp-block-tk-spacer.id-05828882-1e57-47be-a82a-2144fce22361 {\n\t\t\theight: 50px;\n\t\t}\n\t}\t<\/style>\n\t<div class=\"wp-block-tk-spacer id-05828882-1e57-47be-a82a-2144fce22361\" aria-hidden=\"true\"><\/div>\n\t\n\n\n<h1 class=\"wp-block-heading has-text-align-center has-extra-large-font-size\">Foire aux questions<\/h1>\n\n\n\n<div class=\"wp-block-group is-layout-constrained wp-container-core-group-is-layout-1 wp-block-group-is-layout-constrained\">\n<div class=\"wp-block-mlf-faq-item accordion-item\"><div class=\"accordion-header \"><div class=\"accordion-header-container\"><img decoding=\"async\" src=\"\"\/><div class=\"accordion-header-container__title-text\"><h4>Qu\u2019est-ce que Mighty Protein?<\/h4><p><\/p><\/div><\/div><\/div><div class=\"accordion-content\">\n<p>Mighty Protein est un b\u00e2tonnet prot\u00e9in\u00e9 \u00e0 base de poulet, sans additifs, fabriqu\u00e9 \u00e0 partir d&rsquo;ingr\u00e9dients simples et reconnaissables. Chaque b\u00e2tonnet de 32 g contient 12 g de prot\u00e9ines compl\u00e8tes, 0 g de sucre et environ 110 calories, ce qui vous permet d\u2019apporter de vrais prot\u00e9ines dans votre poche \u2014 en tout moment.<\/p>\n<\/div><\/div>\n\n\n\n<div class=\"wp-block-mlf-faq-item accordion-item\"><div class=\"accordion-header \"><div class=\"accordion-header-container\"><img decoding=\"async\" src=\"\"\/><div class=\"accordion-header-container__title-text\"><h4>Qu\u2019est-ce qui le distingue du jerky (charqui) ou des autres b\u00e2tonnets de viande?<\/h4><p><\/p><\/div><\/div><\/div><div class=\"accordion-content\">\n<ul class=\"wp-block-list\">\n<li>Avantage prot\u00e9ines-calories&nbsp;:&nbsp;12 g de prot\u00e9ines pour 110 calories<\/li>\n\n\n\n<li>Aucun sucre et aucun agent de remplissage.<\/li>\n\n\n\n<li>Priorit\u00e9 au poulet&nbsp;(prot\u00e9ines animales maigres et compl\u00e8tes).<\/li>\n\n\n\n<li>Texture et go\u00fbt&nbsp;:&nbsp;tendre, audacieusement assaisonn\u00e9, non coriace ou sucr\u00e9.<\/li>\n<\/ul>\n<\/div><\/div>\n\n\n\n<div class=\"wp-block-mlf-faq-item accordion-item\"><div class=\"accordion-header \"><div class=\"accordion-header-container\"><img decoding=\"async\" src=\"\"\/><div class=\"accordion-header-container__title-text\"><h4>\u00c0 qui s\u2019adresse Mighty Protein?<\/h4><p><\/p><\/div><\/div><\/div><div class=\"accordion-content\">\n<p>Tous ceux et celles qui recherchent une source de prot\u00e9ines pratique et satisfaisante : \u00e9tudiants, navetteurs, adeptes de la salle de sport, parents, travailleurs de quarts, voyageurs.<\/p>\n<\/div><\/div>\n\n\n\n<div class=\"wp-block-mlf-faq-item accordion-item\"><div class=\"accordion-header \"><div class=\"accordion-header-container\"><img decoding=\"async\" src=\"\"\/><div class=\"accordion-header-container__title-text\"><h4>Quels sont les formats d\u2019emballages disponibles?<\/h4><p><\/p><\/div><\/div><\/div><div class=\"accordion-content\">\n<p>Mighty Protein est offert en emballage pratique d\u2019un seul b\u00e2tonnet (32 g) ou en emballage multiple de 8 b\u00e2tonnets (256 g).<\/p>\n<\/div><\/div>\n\n\n\n<div class=\"wp-block-mlf-faq-item accordion-item\"><div class=\"accordion-header \"><div class=\"accordion-header-container\"><img decoding=\"async\" src=\"\"\/><div class=\"accordion-header-container__title-text\"><h4>Les prot\u00e9ines sont-elles \u00ab\u00a0compl\u00e8tes\u00a0\u00bb?<\/h4><p><\/p><\/div><\/div><\/div><div class=\"accordion-content\">\n<p>Oui. Les prot\u00e9ines animales (comme le poulet) contiennent naturellement les neuf acides amin\u00e9s essentiels, qui favorisent les muscles, la sati\u00e9t\u00e9 et l\u2019\u00e9nergie quotidienne.<\/p>\n<\/div><\/div>\n\n\n\n<div class=\"wp-block-mlf-faq-item accordion-item\"><div class=\"accordion-header \"><div class=\"accordion-header-container\"><img decoding=\"async\" src=\"\"\/><div class=\"accordion-header-container__title-text\"><h4>Quel type de poulet est utilis\u00e9 pour Mighty Protein?<\/h4><p><\/p><\/div><\/div><\/div><div class=\"accordion-content\">\n<p>Les b\u00e2tonnets de poulet Mighty Protein sont pr\u00e9par\u00e9s \u00e0 partir de poitrines de poulets \u00e9lev\u00e9s sans antibiotiques ni hormones ajout\u00e9es.<\/p>\n<\/div><\/div>\n\n\n\n<div class=\"wp-block-mlf-faq-item accordion-item\"><div class=\"accordion-header \"><div class=\"accordion-header-container\"><img decoding=\"async\" src=\"\"\/><div class=\"accordion-header-container__title-text\"><h4>Est-il compatible avec les r\u00e9gimes c\u00e9to et GLP-1?<\/h4><p><\/p><\/div><\/div><\/div><div class=\"accordion-content\">\n<p>Oui. Avec 0 g de sucre&nbsp;et une teneur significative en prot\u00e9ines par b\u00e2tonnet, Mighty se conforme \u00e0 la plupart des approches de style c\u00e9tog\u00e8ne et convient bien aux utilisateurs de GLP-1 qui souhaitent privil\u00e9gier les prot\u00e9ines. (Suivez toujours les conseils de votre fournisseur de soins de sant\u00e9.)<\/p>\n<\/div><\/div>\n\n\n\n<div class=\"wp-block-mlf-faq-item accordion-item\"><div class=\"accordion-header \"><div class=\"accordion-header-container\"><img decoding=\"async\" src=\"\"\/><div class=\"accordion-header-container__title-text\"><h4>Quelles sont les macros par b\u00e2tonnet?<\/h4><p><\/p><\/div><\/div><\/div><div class=\"accordion-content\">\n<p>Par b\u00e2tonnet de 32 g&nbsp;: 12 g de prot\u00e9ines \u2022 0&nbsp;g de sucre \u2022 environ 110 calories. Pour obtenir tous les d\u00e9tails, consultez le panneau de valeur nutritive sur votre emballage.<\/p>\n<\/div><\/div>\n\n\n\n<div class=\"wp-block-mlf-faq-item accordion-item\"><div class=\"accordion-header \"><div class=\"accordion-header-container\"><img decoding=\"async\" src=\"\"\/><div class=\"accordion-header-container__title-text\"><h4>Mighty Protein est-il sans gluten?<\/h4><p><\/p><\/div><\/div><\/div><div class=\"accordion-content\">\n<p>Oui, nous sommes sans gluten. (Consultez toujours l\u2019emballage si vous souffrez d\u2019allergies graves.)<\/p>\n<\/div><\/div>\n\n\n\n<div class=\"wp-block-mlf-faq-item accordion-item\"><div class=\"accordion-header \"><div class=\"accordion-header-container\"><img decoding=\"async\" src=\"\"\/><div class=\"accordion-header-container__title-text\"><h4>Dois-je le r\u00e9frig\u00e9rer?<\/h4><p><\/p><\/div><\/div><\/div><div class=\"accordion-content\">\n<p>Non. Mighty Protein a une longue dur\u00e9e de conservation avant l\u2019ouverture; placez un b\u00e2tonnet dans votre sac de sport, votre tiroir de bureau ou votre bagage de cabine. Une fois ouvert, d\u00e9gustez-le imm\u00e9diatement ou emballez\/r\u00e9frig\u00e9rez le b\u00e2tonnet et consommez-le rapidement.<\/p>\n<\/div><\/div>\n\n\n\n<div class=\"wp-block-mlf-faq-item accordion-item\"><div class=\"accordion-header \"><div class=\"accordion-header-container\"><img decoding=\"async\" src=\"\"\/><div class=\"accordion-header-container__title-text\"><h4>Mighty convient-il aux enfants?<\/h4><p><\/p><\/div><\/div><\/div><div class=\"accordion-content\">\n<p>Mighty se compose d\u2019ingr\u00e9dients simples et il est sans sucre. Comme pour toute collation riche en prot\u00e9ines, faites preuve de discernement pour les jeunes enfants et surveillez-les toujours en raison de la texture ferme du produit.<\/p>\n<\/div><\/div>\n\n\n\n<div class=\"wp-block-mlf-faq-item accordion-item\"><div class=\"accordion-header \"><div class=\"accordion-header-container\"><img decoding=\"async\" src=\"\"\/><div class=\"accordion-header-container__title-text\"><h4>Comment Mighty se compare-t-il aux barres prot\u00e9in\u00e9es?<\/h4><p><\/p><\/div><\/div><\/div><div class=\"accordion-content\">\n<p>La plupart des barres offrent des prot\u00e9ines ainsi que du&nbsp;sucre. Mighty offre des prot\u00e9ines sans&nbsp;sucre \u2014 ainsi qu\u2019une source de prot\u00e9ines animales compl\u00e8tes fortement biodisponibles et un profil gustatif sal\u00e9 que beaucoup pr\u00e9f\u00e8rent.<\/p>\n<\/div><\/div>\n\n\n\n<div class=\"wp-block-mlf-faq-item accordion-item\"><div class=\"accordion-header \"><div class=\"accordion-header-container\"><img decoding=\"async\" src=\"\"\/><div class=\"accordion-header-container__title-text\"><h4>Mighty Protein est-il canadien?<\/h4><p><\/p><\/div><\/div><\/div><div class=\"accordion-content\">\n<p>Mighty Protein est approuv\u00e9 par notre marque Maple Leaf et il est produit \u00e0 Saskatoon, en Saskatchewan.<\/p>\n<\/div><\/div>\n\n\n\n<div class=\"wp-block-mlf-faq-item accordion-item\"><div class=\"accordion-header \"><div class=\"accordion-header-container\"><img decoding=\"async\" src=\"\"\/><div class=\"accordion-header-container__title-text\"><h4>De quoi le boyau est-il fait?<\/h4><p><\/p><\/div><\/div><\/div><div class=\"accordion-content\">\n<p>Le boyau est fait de collag\u00e8ne de b\u0153uf, ce qui aide le b\u00e2tonnet \u00e0 conserver sa forme et \u00e0 offrir cette bouch\u00e9e caract\u00e9ristique. Si vous \u00e9vitez le collag\u00e8ne pour des raisons alimentaires ou religieuses, communiquer avec nous pour obtenir des d\u00e9tails sur l\u2019approvisionnement.<\/p>\n<\/div><\/div>\n\n\n\n<div class=\"wp-block-mlf-faq-item accordion-item\"><div class=\"accordion-header \"><div class=\"accordion-header-container\"><img decoding=\"async\" src=\"\"\/><div class=\"accordion-header-container__title-text\"><h4>Que faire si j\u2019ai d\u2019autres questions?<\/h4><p><\/p><\/div><\/div><\/div><div class=\"accordion-content\">\n<p>N\u2019h\u00e9sitez pas \u00e0 nous contacter \u00e0 tout moment avec le formulaire de contact disponible sur notre site Web \u2013 nous serons ravis de vous aider.<\/p>\n<\/div><\/div>\n<\/div>\n\n\n\t<style type=\"text\/css\">\n\t\t.wp-block-tk-spacer.id-91bffae2-8878-4e06-b686-2734165cb217 {\n\t\theight: 92px;\n\t}\n\n\t@media ( max-width: 480px ) {\n\t\t.wp-block-tk-spacer.id-91bffae2-8878-4e06-b686-2734165cb217 {\n\t\t\theight: 50px;\n\t\t}\n\t}\t<\/style>\n\t<div class=\"wp-block-tk-spacer id-91bffae2-8878-4e06-b686-2734165cb217\" aria-hidden=\"true\"><\/div>\n\t","protected":false},"excerpt":{"rendered":"<p>Foire aux questions<\/p>\n","protected":false},"author":4,"featured_media":0,"parent":0,"menu_order":0,"comment_status":"closed","ping_status":"closed","template":"","meta":{"footnotes":""},"class_list":["post-357","page","type-page","status-publish","hentry"],"acf":[],"yoast_head":"<!-- This site is optimized with the Yoast SEO plugin v21.7 - https:\/\/yoast.com\/wordpress\/plugins\/seo\/ -->\n<title>FAQ - Mighty Protein<\/title>\n<meta name=\"robots\" content=\"index, follow, max-snippet:-1, max-image-preview:large, max-video-preview:-1\" \/>\n<link rel=\"canonical\" href=\"https:\/\/mightyprotein.com\/fr\/faq\/\" \/>\n<meta property=\"og:locale\" content=\"fr_FR\" \/>\n<meta property=\"og:type\" content=\"article\" \/>\n<meta property=\"og:title\" content=\"FAQ - Mighty Protein\" \/>\n<meta property=\"og:description\" content=\"Foire aux questions\" \/>\n<meta property=\"og:url\" content=\"https:\/\/mightyprotein.com\/fr\/faq\/\" \/>\n<meta property=\"og:site_name\" content=\"Mighty Protein\" \/>\n<meta property=\"article:modified_time\" content=\"2025-12-01T17:12:04+00:00\" \/>\n<meta name=\"twitter:card\" content=\"summary_large_image\" \/>\n<meta name=\"twitter:label1\" content=\"Dur\u00e9e de lecture estim\u00e9e\" \/>\n\t<meta name=\"twitter:data1\" content=\"6 minutes\" \/>\n<script type=\"application\/ld+json\" class=\"yoast-schema-graph\">{\"@context\":\"https:\/\/schema.org\",\"@graph\":[{\"@type\":\"WebPage\",\"@id\":\"https:\/\/mightyprotein.com\/fr\/faq\/\",\"url\":\"https:\/\/mightyprotein.com\/fr\/faq\/\",\"name\":\"FAQ - Mighty Protein\",\"isPartOf\":{\"@id\":\"https:\/\/mightyprotein.com\/fr\/#website\"},\"datePublished\":\"2025-11-28T13:57:27+00:00\",\"dateModified\":\"2025-12-01T17:12:04+00:00\",\"breadcrumb\":{\"@id\":\"https:\/\/mightyprotein.com\/fr\/faq\/#breadcrumb\"},\"inLanguage\":\"fr-FR\",\"potentialAction\":[{\"@type\":\"ReadAction\",\"target\":[\"https:\/\/mightyprotein.com\/fr\/faq\/\"]}]},{\"@type\":\"BreadcrumbList\",\"@id\":\"https:\/\/mightyprotein.com\/fr\/faq\/#breadcrumb\",\"itemListElement\":[{\"@type\":\"ListItem\",\"position\":1,\"name\":\"Home\",\"item\":\"https:\/\/mightyprotein.com\/fr\/\"},{\"@type\":\"ListItem\",\"position\":2,\"name\":\"FAQ\"}]},{\"@type\":\"WebSite\",\"@id\":\"https:\/\/mightyprotein.com\/fr\/#website\",\"url\":\"https:\/\/mightyprotein.com\/fr\/\",\"name\":\"Mighty Protein\",\"description\":\"Coupe ta faim avec 12 g de prot\u00e9ines\",\"publisher\":{\"@id\":\"https:\/\/mightyprotein.com\/fr\/#organization\"},\"potentialAction\":[{\"@type\":\"SearchAction\",\"target\":{\"@type\":\"EntryPoint\",\"urlTemplate\":\"https:\/\/mightyprotein.com\/fr\/?s={search_term_string}\"},\"query-input\":\"required name=search_term_string\"}],\"inLanguage\":\"fr-FR\"},{\"@type\":\"Organization\",\"@id\":\"https:\/\/mightyprotein.com\/fr\/#organization\",\"name\":\"Mighty Protein\",\"url\":\"https:\/\/mightyprotein.com\/fr\/\",\"logo\":{\"@type\":\"ImageObject\",\"inLanguage\":\"fr-FR\",\"@id\":\"https:\/\/mightyprotein.com\/fr\/#\/schema\/logo\/image\/\",\"url\":\"https:\/\/mightyprotein.com\/fr\/wp-content\/uploads\/sites\/19\/2025\/08\/mightyproteinlogo.svg\",\"contentUrl\":\"https:\/\/mightyprotein.com\/fr\/wp-content\/uploads\/sites\/19\/2025\/08\/mightyproteinlogo.svg\",\"width\":302,\"height\":140,\"caption\":\"Mighty Protein\"},\"image\":{\"@id\":\"https:\/\/mightyprotein.com\/fr\/#\/schema\/logo\/image\/\"}}]}<\/script>\n<!-- \/ Yoast SEO plugin. -->","yoast_head_json":{"title":"FAQ - Mighty Protein","robots":{"index":"index","follow":"follow","max-snippet":"max-snippet:-1","max-image-preview":"max-image-preview:large","max-video-preview":"max-video-preview:-1"},"canonical":"https:\/\/mightyprotein.com\/fr\/faq\/","og_locale":"fr_FR","og_type":"article","og_title":"FAQ - Mighty Protein","og_description":"Foire aux questions","og_url":"https:\/\/mightyprotein.com\/fr\/faq\/","og_site_name":"Mighty Protein","article_modified_time":"2025-12-01T17:12:04+00:00","twitter_card":"summary_large_image","twitter_misc":{"Dur\u00e9e de lecture estim\u00e9e":"6 minutes"},"schema":{"@context":"https:\/\/schema.org","@graph":[{"@type":"WebPage","@id":"https:\/\/mightyprotein.com\/fr\/faq\/","url":"https:\/\/mightyprotein.com\/fr\/faq\/","name":"FAQ - Mighty Protein","isPartOf":{"@id":"https:\/\/mightyprotein.com\/fr\/#website"},"datePublished":"2025-11-28T13:57:27+00:00","dateModified":"2025-12-01T17:12:04+00:00","breadcrumb":{"@id":"https:\/\/mightyprotein.com\/fr\/faq\/#breadcrumb"},"inLanguage":"fr-FR","potentialAction":[{"@type":"ReadAction","target":["https:\/\/mightyprotein.com\/fr\/faq\/"]}]},{"@type":"BreadcrumbList","@id":"https:\/\/mightyprotein.com\/fr\/faq\/#breadcrumb","itemListElement":[{"@type":"ListItem","position":1,"name":"Home","item":"https:\/\/mightyprotein.com\/fr\/"},{"@type":"ListItem","position":2,"name":"FAQ"}]},{"@type":"WebSite","@id":"https:\/\/mightyprotein.com\/fr\/#website","url":"https:\/\/mightyprotein.com\/fr\/","name":"Mighty Protein","description":"Coupe ta faim avec 12 g de prot\u00e9ines","publisher":{"@id":"https:\/\/mightyprotein.com\/fr\/#organization"},"potentialAction":[{"@type":"SearchAction","target":{"@type":"EntryPoint","urlTemplate":"https:\/\/mightyprotein.com\/fr\/?s={search_term_string}"},"query-input":"required name=search_term_string"}],"inLanguage":"fr-FR"},{"@type":"Organization","@id":"https:\/\/mightyprotein.com\/fr\/#organization","name":"Mighty Protein","url":"https:\/\/mightyprotein.com\/fr\/","logo":{"@type":"ImageObject","inLanguage":"fr-FR","@id":"https:\/\/mightyprotein.com\/fr\/#\/schema\/logo\/image\/","url":"https:\/\/mightyprotein.com\/fr\/wp-content\/uploads\/sites\/19\/2025\/08\/mightyproteinlogo.svg","contentUrl":"https:\/\/mightyprotein.com\/fr\/wp-content\/uploads\/sites\/19\/2025\/08\/mightyproteinlogo.svg","width":302,"height":140,"caption":"Mighty Protein"},"image":{"@id":"https:\/\/mightyprotein.com\/fr\/#\/schema\/logo\/image\/"}}]}},"_links":{"self":[{"href":"https:\/\/mightyprotein.com\/fr\/wp-json\/wp\/v2\/pages\/357"}],"collection":[{"href":"https:\/\/mightyprotein.com\/fr\/wp-json\/wp\/v2\/pages"}],"about":[{"href":"https:\/\/mightyprotein.com\/fr\/wp-json\/wp\/v2\/types\/page"}],"author":[{"embeddable":true,"href":"https:\/\/mightyprotein.com\/fr\/wp-json\/wp\/v2\/users\/4"}],"replies":[{"embeddable":true,"href":"https:\/\/mightyprotein.com\/fr\/wp-json\/wp\/v2\/comments?post=357"}],"version-history":[{"count":3,"href":"https:\/\/mightyprotein.com\/fr\/wp-json\/wp\/v2\/pages\/357\/revisions"}],"predecessor-version":[{"id":365,"href":"https:\/\/mightyprotein.com\/fr\/wp-json\/wp\/v2\/pages\/357\/revisions\/365"}],"wp:attachment":[{"href":"https:\/\/mightyprotein.com\/fr\/wp-json\/wp\/v2\/media?parent=357"}],"curies":[{"name":"wp","href":"https:\/\/api.w.org\/{rel}","templated":true}]}}